{"id":4493,"date":"2024-01-08T16:38:31","date_gmt":"2024-01-08T21:38:31","guid":{"rendered":"https:\/\/csp-pcs.myeshop.ca\/?post_type=product&#038;p=4493"},"modified":"2024-10-07T17:51:33","modified_gmt":"2024-10-07T17:51:33","slug":"bonnet-tuque-copy","status":"publish","type":"product","link":"https:\/\/csp-pcs.myeshop.ca\/fr\/produit\/bonnet-tuque-copy\/","title":{"rendered":"Toque en tricot"},"content":{"rendered":"<ul>\n<li>100 % acrylique, taille unique pour la plupart des d\u00e9corations d&rsquo;\u00e9tiquettes tiss\u00e9es. Couleur : blanc ou noir<\/li>\n<li>Label CSP Suede<\/li>\n<\/ul>\n","protected":false},"excerpt":{"rendered":"<p>100 % acrylique, taille unique pour la plupart des d\u00e9corations d&rsquo;\u00e9tiquettes tiss\u00e9es. Couleur : blanc ou noir Label CSP Suede<\/p>\n","protected":false},"featured_media":4586,"template":"","meta":{"_acf_changed":false},"product_brand":[],"product_cat":[263],"product_tag":[],"class_list":{"0":"post-4493","1":"product","2":"type-product","3":"status-publish","4":"has-post-thumbnail","6":"product_cat-vetements-et-chapeaux","9":"instock","10":"taxable","11":"shipping-taxable","12":"purchasable","13":"product-type-variable"},"acf":[],"_links":{"self":[{"href":"https:\/\/csp-pcs.myeshop.ca\/fr\/wp-json\/wp\/v2\/product\/4493","targetHints":{"allow":["GET"]}}],"collection":[{"href":"https:\/\/csp-pcs.myeshop.ca\/fr\/wp-json\/wp\/v2\/product"}],"about":[{"href":"https:\/\/csp-pcs.myeshop.ca\/fr\/wp-json\/wp\/v2\/types\/product"}],"wp:featuredmedia":[{"embeddable":true,"href":"https:\/\/csp-pcs.myeshop.ca\/fr\/wp-json\/wp\/v2\/media\/4586"}],"wp:attachment":[{"href":"https:\/\/csp-pcs.myeshop.ca\/fr\/wp-json\/wp\/v2\/media?parent=4493"}],"wp:term":[{"taxonomy":"product_brand","embeddable":true,"href":"https:\/\/csp-pcs.myeshop.ca\/fr\/wp-json\/wp\/v2\/product_brand?post=4493"},{"taxonomy":"product_cat","embeddable":true,"href":"https:\/\/csp-pcs.myeshop.ca\/fr\/wp-json\/wp\/v2\/product_cat?post=4493"},{"taxonomy":"product_tag","embeddable":true,"href":"https:\/\/csp-pcs.myeshop.ca\/fr\/wp-json\/wp\/v2\/product_tag?post=4493"}],"curies":[{"name":"wp","href":"https:\/\/api.w.org\/{rel}","templated":true}]}}