{"id":4264,"date":"2023-10-26T19:56:55","date_gmt":"2023-10-26T23:56:55","guid":{"rendered":"https:\/\/csp-pcs.myeshop.ca\/?post_type=product&#038;p=4264"},"modified":"2024-09-26T18:24:43","modified_gmt":"2024-09-26T18:24:43","slug":"fox-40-classique-sifflet","status":"publish","type":"product","link":"https:\/\/csp-pcs.myeshop.ca\/fr\/produit\/fox-40-classique-sifflet\/","title":{"rendered":"Sifflet lFox 40 Classic"},"content":{"rendered":"<ul>\n<li>Le Fox 40 Classic est le sifflet p\u00e9n\u00e9trant original sans pois.<\/li>\n<li>Logo CSP sur les deux faces.<\/li>\n<li>Couleur : Noir<\/li>\n<li>Emball\u00e9s dans des sacs en poly\u00e9thyl\u00e8ne individuels.<\/li>\n<\/ul>\n","protected":false},"excerpt":{"rendered":"<p>Le Fox 40 Classic est le sifflet p\u00e9n\u00e9trant original sans pois. Logo CSP sur les deux faces. Couleur : Noir Emball\u00e9s dans des sacs en poly\u00e9thyl\u00e8ne individuels.<\/p>\n","protected":false},"featured_media":4266,"template":"","meta":{"_acf_changed":false},"product_brand":[],"product_cat":[264],"product_tag":[],"class_list":{"0":"post-4264","1":"product","2":"type-product","3":"status-publish","4":"has-post-thumbnail","6":"product_cat-equipement-et-accessoires","9":"instock","10":"taxable","11":"shipping-taxable","12":"purchasable","13":"product-type-simple"},"acf":[],"_links":{"self":[{"href":"https:\/\/csp-pcs.myeshop.ca\/fr\/wp-json\/wp\/v2\/product\/4264","targetHints":{"allow":["GET"]}}],"collection":[{"href":"https:\/\/csp-pcs.myeshop.ca\/fr\/wp-json\/wp\/v2\/product"}],"about":[{"href":"https:\/\/csp-pcs.myeshop.ca\/fr\/wp-json\/wp\/v2\/types\/product"}],"wp:featuredmedia":[{"embeddable":true,"href":"https:\/\/csp-pcs.myeshop.ca\/fr\/wp-json\/wp\/v2\/media\/4266"}],"wp:attachment":[{"href":"https:\/\/csp-pcs.myeshop.ca\/fr\/wp-json\/wp\/v2\/media?parent=4264"}],"wp:term":[{"taxonomy":"product_brand","embeddable":true,"href":"https:\/\/csp-pcs.myeshop.ca\/fr\/wp-json\/wp\/v2\/product_brand?post=4264"},{"taxonomy":"product_cat","embeddable":true,"href":"https:\/\/csp-pcs.myeshop.ca\/fr\/wp-json\/wp\/v2\/product_cat?post=4264"},{"taxonomy":"product_tag","embeddable":true,"href":"https:\/\/csp-pcs.myeshop.ca\/fr\/wp-json\/wp\/v2\/product_tag?post=4264"}],"curies":[{"name":"wp","href":"https:\/\/api.w.org\/{rel}","templated":true}]}}