{"id":4209,"date":"2023-10-17T12:47:27","date_gmt":"2023-10-17T16:47:27","guid":{"rendered":"https:\/\/csp-pcs.myeshop.ca\/?post_type=product&#038;p=4209"},"modified":"2024-09-26T18:23:39","modified_gmt":"2024-09-26T18:23:39","slug":"feuille-dautocollants-ensemble-de-12-autocollants","status":"publish","type":"product","link":"https:\/\/csp-pcs.myeshop.ca\/fr\/produit\/feuille-dautocollants-ensemble-de-12-autocollants\/","title":{"rendered":"Feuille d&rsquo;autocollants (ensemble de 12 autocollants)"},"content":{"rendered":"<ul>\n<li>12 autocollants individuels en vinyle r\u00e9sistant<\/li>\n<li>1 autocollant pour pare-chocs, 2 autocollants pour lunettes, 3 logos circulaires CSP de 3&Prime;, 3 logos circulaires CSP de 1,5&Prime;, 3 logos CSP standard<\/li>\n<li>Vous pouvez commander jusqu&rsquo;\u00e0 5 quantit\u00e9s et b\u00e9n\u00e9ficier d&rsquo;un tarif d&rsquo;exp\u00e9dition forfaitaire sp\u00e9cial de 3,00 $ qui est exp\u00e9di\u00e9 par courrier ordinaire. Si vous commandez des feuilles d&rsquo;autocollants en quantit\u00e9 sup\u00e9rieure \u00e0 6 ou avec d&rsquo;autres produits, les tarifs d&rsquo;exp\u00e9dition habituels s&rsquo;appliqueront.<\/li>\n<\/ul>\n","protected":false},"excerpt":{"rendered":"<p>12 autocollants individuels en vinyle r\u00e9sistant 1 autocollant pour pare-chocs, 2 autocollants pour lunettes, 3 logos circulaires CSP de 3&Prime;, 3 logos circulaires CSP de 1,5&Prime;, 3 logos CSP standard Vous pouvez commander jusqu&rsquo;\u00e0 5 quantit\u00e9s et b\u00e9n\u00e9ficier d&rsquo;un tarif d&rsquo;exp\u00e9dition forfaitaire sp\u00e9cial de 3,00 $ qui est exp\u00e9di\u00e9 par courrier ordinaire. Si vous commandez &hellip; <\/p>\n<p class=\"link-more\"><a href=\"https:\/\/csp-pcs.myeshop.ca\/fr\/produit\/feuille-dautocollants-ensemble-de-12-autocollants\/\" class=\"more-link btn btn-xs btn-gray \">Read More <i class=\"fa fa-long-arrow-right right\" aria-hidden=\"true\"><\/i><\/a><\/p>\n","protected":false},"featured_media":4218,"template":"","meta":{"_acf_changed":false},"product_brand":[],"product_cat":[264],"product_tag":[],"class_list":{"0":"post-4209","1":"product","2":"type-product","3":"status-publish","4":"has-post-thumbnail","6":"product_cat-equipement-et-accessoires","9":"outofstock","10":"taxable","11":"shipping-taxable","12":"purchasable","13":"product-type-simple"},"acf":[],"_links":{"self":[{"href":"https:\/\/csp-pcs.myeshop.ca\/fr\/wp-json\/wp\/v2\/product\/4209","targetHints":{"allow":["GET"]}}],"collection":[{"href":"https:\/\/csp-pcs.myeshop.ca\/fr\/wp-json\/wp\/v2\/product"}],"about":[{"href":"https:\/\/csp-pcs.myeshop.ca\/fr\/wp-json\/wp\/v2\/types\/product"}],"wp:featuredmedia":[{"embeddable":true,"href":"https:\/\/csp-pcs.myeshop.ca\/fr\/wp-json\/wp\/v2\/media\/4218"}],"wp:attachment":[{"href":"https:\/\/csp-pcs.myeshop.ca\/fr\/wp-json\/wp\/v2\/media?parent=4209"}],"wp:term":[{"taxonomy":"product_brand","embeddable":true,"href":"https:\/\/csp-pcs.myeshop.ca\/fr\/wp-json\/wp\/v2\/product_brand?post=4209"},{"taxonomy":"product_cat","embeddable":true,"href":"https:\/\/csp-pcs.myeshop.ca\/fr\/wp-json\/wp\/v2\/product_cat?post=4209"},{"taxonomy":"product_tag","embeddable":true,"href":"https:\/\/csp-pcs.myeshop.ca\/fr\/wp-json\/wp\/v2\/product_tag?post=4209"}],"curies":[{"name":"wp","href":"https:\/\/api.w.org\/{rel}","templated":true}]}}