{"id":4144,"date":"2023-08-30T14:47:42","date_gmt":"2023-08-30T18:47:42","guid":{"rendered":"https:\/\/csp-pcs.myeshop.ca\/?post_type=product&#038;p=4144"},"modified":"2024-09-26T18:40:43","modified_gmt":"2024-09-26T18:40:43","slug":"sweat-a-capuche-csp","status":"publish","type":"product","link":"https:\/\/csp-pcs.myeshop.ca\/fr\/produit\/sweat-a-capuche-csp\/","title":{"rendered":"Sweat \u00e0 capuche CSP"},"content":{"rendered":"<ul>\n<li>70% coton, 30% polyester fleece (heathers) 60% coton, 40% polyester fleece<\/li>\n<li>Capuche doubl\u00e9e en tissu avec cordon de serrage<\/li>\n<li>Manchette et ourlet en tricot c\u00f4tel\u00e9<\/li>\n<li>Poche kangourou.<\/li>\n<li>Couleur : Gris anthracite<\/li>\n<li>Tailles XS \u00e0 3XL<\/li>\n<\/ul>\n","protected":false},"excerpt":{"rendered":"<p>70% coton, 30% polyester fleece (heathers) 60% coton, 40% polyester fleece Capuche doubl\u00e9e en tissu avec cordon de serrage Manchette et ourlet en tricot c\u00f4tel\u00e9 Poche kangourou. Couleur : Gris anthracite Tailles XS \u00e0 3XL<\/p>\n","protected":false},"featured_media":4179,"template":"","meta":{"_acf_changed":false},"product_brand":[],"product_cat":[263],"product_tag":[],"class_list":{"0":"post-4144","1":"product","2":"type-product","3":"status-publish","4":"has-post-thumbnail","6":"product_cat-vetements-et-chapeaux","9":"instock","10":"taxable","11":"shipping-taxable","12":"purchasable","13":"product-type-variable"},"acf":[],"_links":{"self":[{"href":"https:\/\/csp-pcs.myeshop.ca\/fr\/wp-json\/wp\/v2\/product\/4144","targetHints":{"allow":["GET"]}}],"collection":[{"href":"https:\/\/csp-pcs.myeshop.ca\/fr\/wp-json\/wp\/v2\/product"}],"about":[{"href":"https:\/\/csp-pcs.myeshop.ca\/fr\/wp-json\/wp\/v2\/types\/product"}],"wp:featuredmedia":[{"embeddable":true,"href":"https:\/\/csp-pcs.myeshop.ca\/fr\/wp-json\/wp\/v2\/media\/4179"}],"wp:attachment":[{"href":"https:\/\/csp-pcs.myeshop.ca\/fr\/wp-json\/wp\/v2\/media?parent=4144"}],"wp:term":[{"taxonomy":"product_brand","embeddable":true,"href":"https:\/\/csp-pcs.myeshop.ca\/fr\/wp-json\/wp\/v2\/product_brand?post=4144"},{"taxonomy":"product_cat","embeddable":true,"href":"https:\/\/csp-pcs.myeshop.ca\/fr\/wp-json\/wp\/v2\/product_cat?post=4144"},{"taxonomy":"product_tag","embeddable":true,"href":"https:\/\/csp-pcs.myeshop.ca\/fr\/wp-json\/wp\/v2\/product_tag?post=4144"}],"curies":[{"name":"wp","href":"https:\/\/api.w.org\/{rel}","templated":true}]}}