{"id":4133,"date":"2023-08-30T13:47:11","date_gmt":"2023-08-30T17:47:11","guid":{"rendered":"https:\/\/csp-pcs.myeshop.ca\/?post_type=product&#038;p=4133"},"modified":"2026-01-03T14:38:51","modified_gmt":"2026-01-03T19:38:51","slug":"gobelet-glacier-1-18l-edition-limitee","status":"publish","type":"product","link":"https:\/\/csp-pcs.myeshop.ca\/fr\/produit\/gobelet-glacier-1-18l-edition-limitee\/","title":{"rendered":"Gobelet Glacier 1.18L (\u00e9dition limit\u00e9e)"},"content":{"rendered":"<p>&#8211; Acier inoxydable<br \/>\n&#8211; Le Glacier Peak Biggie est l&rsquo;ultime d\u00e9salt\u00e9rant.<br \/>\n&#8211; Grand gobelet en acier inoxydable \u00e0 double paroi<br \/>\n&#8211; Peut contenir jusqu&rsquo;\u00e0 1,18 L (40 oz liq.)<br \/>\n&#8211; Finition thermolaqu\u00e9e avec poign\u00e9e en plastique noir<br \/>\n&#8211; Couvercle en acrylique transparent \u00e0 visser avec languette rotative en silicone pour passer d&rsquo;une consommation par trou ouvert \u00e0 une consommation avec une paille r\u00e9utilisable.<br \/>\n&#8211; Poign\u00e9e \u00e9paisse offrant une prise ferme et confortable<br \/>\n&#8211; Sans BPA et conforme aux normes de la FDA<\/p>\n","protected":false},"excerpt":{"rendered":"<p>&#8211; Acier inoxydable &#8211; Le Glacier Peak Biggie est l&rsquo;ultime d\u00e9salt\u00e9rant. &#8211; Grand gobelet en acier inoxydable \u00e0 double paroi &#8211; Peut contenir jusqu&rsquo;\u00e0 1,18 L (40 oz liq.) &#8211; Finition thermolaqu\u00e9e avec poign\u00e9e en plastique noir &#8211; Couvercle en acrylique transparent \u00e0 visser avec languette rotative en silicone pour passer d&rsquo;une consommation par trou &hellip; <\/p>\n<p class=\"link-more\"><a href=\"https:\/\/csp-pcs.myeshop.ca\/fr\/produit\/gobelet-glacier-1-18l-edition-limitee\/\" class=\"more-link btn btn-xs btn-gray \">Read More <i class=\"fa fa-long-arrow-right right\" aria-hidden=\"true\"><\/i><\/a><\/p>\n","protected":false},"featured_media":4135,"template":"","meta":{"_acf_changed":false},"product_brand":[],"product_cat":[264],"product_tag":[],"class_list":{"0":"post-4133","1":"product","2":"type-product","3":"status-publish","4":"has-post-thumbnail","6":"product_cat-equipement-et-accessoires","9":"instock","10":"sale","11":"taxable","12":"shipping-taxable","13":"purchasable","14":"product-type-simple"},"acf":[],"_links":{"self":[{"href":"https:\/\/csp-pcs.myeshop.ca\/fr\/wp-json\/wp\/v2\/product\/4133","targetHints":{"allow":["GET"]}}],"collection":[{"href":"https:\/\/csp-pcs.myeshop.ca\/fr\/wp-json\/wp\/v2\/product"}],"about":[{"href":"https:\/\/csp-pcs.myeshop.ca\/fr\/wp-json\/wp\/v2\/types\/product"}],"wp:featuredmedia":[{"embeddable":true,"href":"https:\/\/csp-pcs.myeshop.ca\/fr\/wp-json\/wp\/v2\/media\/4135"}],"wp:attachment":[{"href":"https:\/\/csp-pcs.myeshop.ca\/fr\/wp-json\/wp\/v2\/media?parent=4133"}],"wp:term":[{"taxonomy":"product_brand","embeddable":true,"href":"https:\/\/csp-pcs.myeshop.ca\/fr\/wp-json\/wp\/v2\/product_brand?post=4133"},{"taxonomy":"product_cat","embeddable":true,"href":"https:\/\/csp-pcs.myeshop.ca\/fr\/wp-json\/wp\/v2\/product_cat?post=4133"},{"taxonomy":"product_tag","embeddable":true,"href":"https:\/\/csp-pcs.myeshop.ca\/fr\/wp-json\/wp\/v2\/product_tag?post=4133"}],"curies":[{"name":"wp","href":"https:\/\/api.w.org\/{rel}","templated":true}]}}