{"id":3508,"date":"2022-03-07T18:30:29","date_gmt":"2022-03-07T23:30:29","guid":{"rendered":"https:\/\/csp-pcs.myeshop.ca\/product\/croix-reflechissante-blanche-de-4-po-disponible-en-mai-2022\/"},"modified":"2025-11-11T02:55:55","modified_gmt":"2025-11-11T07:55:55","slug":"croix-reflechissante-blanche-de-4-po-disponible-en-mai-2022","status":"publish","type":"product","link":"https:\/\/csp-pcs.myeshop.ca\/fr\/produit\/croix-reflechissante-blanche-de-4-po-disponible-en-mai-2022\/","title":{"rendered":"Croix r\u00e9fl\u00e9chissante blanche de 4 po"},"content":{"rendered":"<ul>\n<li>Croix r\u00e9fl\u00e9chissante blanche 3M de 4 po avec bordure brod\u00e9e. Ready to sew on clothing or gear.<\/li>\n<li>Remarque : article affich\u00e9 sur un fond noir pour le contraste uniquement<\/li>\n<\/ul>\n","protected":false},"excerpt":{"rendered":"<p>Croix r\u00e9fl\u00e9chissante blanche 3M de 4 po avec bordure brod\u00e9e. Ready to sew on clothing or gear. Remarque : article affich\u00e9 sur un fond noir pour le contraste uniquement<\/p>\n","protected":false},"featured_media":3491,"template":"","meta":{"_acf_changed":false},"product_brand":[],"product_cat":[264],"product_tag":[],"class_list":{"0":"post-3508","1":"product","2":"type-product","3":"status-publish","4":"has-post-thumbnail","6":"product_cat-equipement-et-accessoires","9":"instock","10":"taxable","11":"shipping-taxable","12":"purchasable","13":"product-type-simple"},"acf":[],"_links":{"self":[{"href":"https:\/\/csp-pcs.myeshop.ca\/fr\/wp-json\/wp\/v2\/product\/3508","targetHints":{"allow":["GET"]}}],"collection":[{"href":"https:\/\/csp-pcs.myeshop.ca\/fr\/wp-json\/wp\/v2\/product"}],"about":[{"href":"https:\/\/csp-pcs.myeshop.ca\/fr\/wp-json\/wp\/v2\/types\/product"}],"wp:featuredmedia":[{"embeddable":true,"href":"https:\/\/csp-pcs.myeshop.ca\/fr\/wp-json\/wp\/v2\/media\/3491"}],"wp:attachment":[{"href":"https:\/\/csp-pcs.myeshop.ca\/fr\/wp-json\/wp\/v2\/media?parent=3508"}],"wp:term":[{"taxonomy":"product_brand","embeddable":true,"href":"https:\/\/csp-pcs.myeshop.ca\/fr\/wp-json\/wp\/v2\/product_brand?post=3508"},{"taxonomy":"product_cat","embeddable":true,"href":"https:\/\/csp-pcs.myeshop.ca\/fr\/wp-json\/wp\/v2\/product_cat?post=3508"},{"taxonomy":"product_tag","embeddable":true,"href":"https:\/\/csp-pcs.myeshop.ca\/fr\/wp-json\/wp\/v2\/product_tag?post=3508"}],"curies":[{"name":"wp","href":"https:\/\/api.w.org\/{rel}","templated":true}]}}