{"id":3507,"date":"2022-03-07T18:05:35","date_gmt":"2022-03-07T23:05:35","guid":{"rendered":"https:\/\/csp-pcs.myeshop.ca\/product\/ski-de-tir-de-taille-de-voyage\/"},"modified":"2024-09-26T19:14:46","modified_gmt":"2024-09-26T19:14:46","slug":"ski-de-tir-de-taille-de-voyage","status":"publish","type":"product","link":"https:\/\/csp-pcs.myeshop.ca\/fr\/produit\/ski-de-tir-de-taille-de-voyage\/","title":{"rendered":"Ski de tir de taille de voyage"},"content":{"rendered":"<ul>\n<li>Ski \u00e0 shot en bois de cerisier massif avec 3 verres \u00e0 shot (2 oz). Finition de qualit\u00e9 alimentaire. La taille globale est de 20 \u00ab\u00a0L x 3\u00a0\u00bb W<\/li>\n<\/ul>\n","protected":false},"excerpt":{"rendered":"<p>Ski \u00e0 shot en bois de cerisier massif avec 3 verres \u00e0 shot (2 oz). Finition de qualit\u00e9 alimentaire. La taille globale est de 20 \u00ab\u00a0L x 3\u00a0\u00bb W<\/p>\n","protected":false},"featured_media":3486,"template":"","meta":{"_acf_changed":false},"product_brand":[],"product_cat":[264],"product_tag":[],"class_list":{"0":"post-3507","1":"product","2":"type-product","3":"status-publish","4":"has-post-thumbnail","6":"product_cat-equipement-et-accessoires","9":"instock","10":"sale","11":"taxable","12":"shipping-taxable","13":"purchasable","14":"product-type-simple"},"acf":[],"_links":{"self":[{"href":"https:\/\/csp-pcs.myeshop.ca\/fr\/wp-json\/wp\/v2\/product\/3507","targetHints":{"allow":["GET"]}}],"collection":[{"href":"https:\/\/csp-pcs.myeshop.ca\/fr\/wp-json\/wp\/v2\/product"}],"about":[{"href":"https:\/\/csp-pcs.myeshop.ca\/fr\/wp-json\/wp\/v2\/types\/product"}],"wp:featuredmedia":[{"embeddable":true,"href":"https:\/\/csp-pcs.myeshop.ca\/fr\/wp-json\/wp\/v2\/media\/3486"}],"wp:attachment":[{"href":"https:\/\/csp-pcs.myeshop.ca\/fr\/wp-json\/wp\/v2\/media?parent=3507"}],"wp:term":[{"taxonomy":"product_brand","embeddable":true,"href":"https:\/\/csp-pcs.myeshop.ca\/fr\/wp-json\/wp\/v2\/product_brand?post=3507"},{"taxonomy":"product_cat","embeddable":true,"href":"https:\/\/csp-pcs.myeshop.ca\/fr\/wp-json\/wp\/v2\/product_cat?post=3507"},{"taxonomy":"product_tag","embeddable":true,"href":"https:\/\/csp-pcs.myeshop.ca\/fr\/wp-json\/wp\/v2\/product_tag?post=3507"}],"curies":[{"name":"wp","href":"https:\/\/api.w.org\/{rel}","templated":true}]}}