{"id":3494,"date":"2022-03-07T18:38:39","date_gmt":"2022-03-07T23:38:39","guid":{"rendered":"https:\/\/csp-pcs.myeshop.ca\/product\/9-white-reflective-cross-available-may-2022\/"},"modified":"2023-12-20T16:07:54","modified_gmt":"2023-12-20T16:07:54","slug":"9-white-reflective-cross-available-may-2022","status":"publish","type":"product","link":"https:\/\/csp-pcs.myeshop.ca\/fr\/produit\/9-white-reflective-cross-available-may-2022\/","title":{"rendered":"Croix r\u00e9fl\u00e9chissante blanche de 9 po"},"content":{"rendered":"<ul>\n<li>Croix r\u00e9fl\u00e9chissante 3M blanche de 9 po avec bordure brod\u00e9e. Pr\u00eat \u00e0 coudre sur des v\u00eatements ou du mat\u00e9riel.<\/li>\n<li>Remarque : article affich\u00e9 sur un fond noir pour le contraste uniquement.<\/li>\n<\/ul>\n","protected":false},"excerpt":{"rendered":"<p>Croix r\u00e9fl\u00e9chissante 3M blanche de 9 po avec bordure brod\u00e9e. Pr\u00eat \u00e0 coudre sur des v\u00eatements ou du mat\u00e9riel. Remarque : article affich\u00e9 sur un fond noir pour le contraste uniquement.<\/p>\n","protected":false},"featured_media":3491,"template":"","meta":{"_acf_changed":false},"product_brand":[],"product_cat":[264],"product_tag":[],"class_list":{"0":"post-3494","1":"product","2":"type-product","3":"status-publish","4":"has-post-thumbnail","6":"product_cat-equipement-et-accessoires","9":"instock","10":"taxable","11":"shipping-taxable","12":"purchasable","13":"product-type-simple"},"acf":[],"_links":{"self":[{"href":"https:\/\/csp-pcs.myeshop.ca\/fr\/wp-json\/wp\/v2\/product\/3494","targetHints":{"allow":["GET"]}}],"collection":[{"href":"https:\/\/csp-pcs.myeshop.ca\/fr\/wp-json\/wp\/v2\/product"}],"about":[{"href":"https:\/\/csp-pcs.myeshop.ca\/fr\/wp-json\/wp\/v2\/types\/product"}],"wp:featuredmedia":[{"embeddable":true,"href":"https:\/\/csp-pcs.myeshop.ca\/fr\/wp-json\/wp\/v2\/media\/3491"}],"wp:attachment":[{"href":"https:\/\/csp-pcs.myeshop.ca\/fr\/wp-json\/wp\/v2\/media?parent=3494"}],"wp:term":[{"taxonomy":"product_brand","embeddable":true,"href":"https:\/\/csp-pcs.myeshop.ca\/fr\/wp-json\/wp\/v2\/product_brand?post=3494"},{"taxonomy":"product_cat","embeddable":true,"href":"https:\/\/csp-pcs.myeshop.ca\/fr\/wp-json\/wp\/v2\/product_cat?post=3494"},{"taxonomy":"product_tag","embeddable":true,"href":"https:\/\/csp-pcs.myeshop.ca\/fr\/wp-json\/wp\/v2\/product_tag?post=3494"}],"curies":[{"name":"wp","href":"https:\/\/api.w.org\/{rel}","templated":true}]}}