{"id":3374,"date":"2022-02-17T14:41:44","date_gmt":"2022-02-17T19:41:44","guid":{"rendered":"https:\/\/csp-pcs.myeshop.ca\/product\/kiy-ring-porte-cles\/"},"modified":"2025-05-10T19:39:25","modified_gmt":"2025-05-10T23:39:25","slug":"kiy-ring-porte-cles","status":"publish","type":"product","link":"https:\/\/csp-pcs.myeshop.ca\/fr\/produit\/kiy-ring-porte-cles\/","title":{"rendered":"Porte-cl\u00e9s"},"content":{"rendered":"<ul>\n<li>Porte-cl\u00e9s en \u00e9tain avec coloration en \u00e9mail rouge et blanc. 2&Prime; x 1,75<\/li>\n<\/ul>\n","protected":false},"excerpt":{"rendered":"<p>Porte-cl\u00e9s en \u00e9tain avec coloration en \u00e9mail rouge et blanc. 2&Prime; x 1,75<\/p>\n","protected":false},"featured_media":3418,"template":"","meta":{"_acf_changed":false},"product_brand":[],"product_cat":[264],"product_tag":[],"class_list":{"0":"post-3374","1":"product","2":"type-product","3":"status-publish","4":"has-post-thumbnail","6":"product_cat-equipement-et-accessoires","9":"instock","10":"taxable","11":"shipping-taxable","12":"purchasable","13":"product-type-simple"},"acf":[],"_links":{"self":[{"href":"https:\/\/csp-pcs.myeshop.ca\/fr\/wp-json\/wp\/v2\/product\/3374","targetHints":{"allow":["GET"]}}],"collection":[{"href":"https:\/\/csp-pcs.myeshop.ca\/fr\/wp-json\/wp\/v2\/product"}],"about":[{"href":"https:\/\/csp-pcs.myeshop.ca\/fr\/wp-json\/wp\/v2\/types\/product"}],"wp:featuredmedia":[{"embeddable":true,"href":"https:\/\/csp-pcs.myeshop.ca\/fr\/wp-json\/wp\/v2\/media\/3418"}],"wp:attachment":[{"href":"https:\/\/csp-pcs.myeshop.ca\/fr\/wp-json\/wp\/v2\/media?parent=3374"}],"wp:term":[{"taxonomy":"product_brand","embeddable":true,"href":"https:\/\/csp-pcs.myeshop.ca\/fr\/wp-json\/wp\/v2\/product_brand?post=3374"},{"taxonomy":"product_cat","embeddable":true,"href":"https:\/\/csp-pcs.myeshop.ca\/fr\/wp-json\/wp\/v2\/product_cat?post=3374"},{"taxonomy":"product_tag","embeddable":true,"href":"https:\/\/csp-pcs.myeshop.ca\/fr\/wp-json\/wp\/v2\/product_tag?post=3374"}],"curies":[{"name":"wp","href":"https:\/\/api.w.org\/{rel}","templated":true}]}}