{"id":3373,"date":"2022-01-23T17:24:57","date_gmt":"2022-01-23T22:24:57","guid":{"rendered":"https:\/\/csp-pcs.myeshop.ca\/product\/3-embroidered-patch-ecusson-brode-3po\/"},"modified":"2025-05-10T19:39:25","modified_gmt":"2025-05-10T23:39:25","slug":"ecusson-3-brodes-ecusson-brode-3po","status":"publish","type":"product","link":"https:\/\/csp-pcs.myeshop.ca\/fr\/produit\/ecusson-3-brodes-ecusson-brode-3po\/","title":{"rendered":"\u00c9cusson brod\u00e9 3&Prime;"},"content":{"rendered":"<ul>\n<li>Patch brod\u00e9 de 3 \u00ab\u00a0de diam\u00e8tre<\/li>\n<li>Vous pouvez commander jusqu&rsquo;\u00e0 5 quantit\u00e9s et b\u00e9n\u00e9ficier d&rsquo;un tarif d&rsquo;exp\u00e9dition forfaitaire sp\u00e9cial de 3,00 $ qui est exp\u00e9di\u00e9 par courrier ordinaire. Si vous commandez des feuilles d&rsquo;autocollants en quantit\u00e9 sup\u00e9rieure \u00e0 6 ou avec d&rsquo;autres produits, les tarifs d&rsquo;exp\u00e9dition habituels s&rsquo;appliqueront.<\/li>\n<\/ul>\n","protected":false},"excerpt":{"rendered":"<p>Patch brod\u00e9 de 3 \u00ab\u00a0de diam\u00e8tre Vous pouvez commander jusqu&rsquo;\u00e0 5 quantit\u00e9s et b\u00e9n\u00e9ficier d&rsquo;un tarif d&rsquo;exp\u00e9dition forfaitaire sp\u00e9cial de 3,00 $ qui est exp\u00e9di\u00e9 par courrier ordinaire. Si vous commandez des feuilles d&rsquo;autocollants en quantit\u00e9 sup\u00e9rieure \u00e0 6 ou avec d&rsquo;autres produits, les tarifs d&rsquo;exp\u00e9dition habituels s&rsquo;appliqueront.<\/p>\n","protected":false},"featured_media":3295,"template":"","meta":{"_acf_changed":false},"product_brand":[],"product_cat":[264],"product_tag":[],"class_list":{"0":"post-3373","1":"product","2":"type-product","3":"status-publish","4":"has-post-thumbnail","6":"product_cat-equipement-et-accessoires","9":"instock","10":"taxable","11":"shipping-taxable","12":"purchasable","13":"product-type-simple"},"acf":[],"_links":{"self":[{"href":"https:\/\/csp-pcs.myeshop.ca\/fr\/wp-json\/wp\/v2\/product\/3373","targetHints":{"allow":["GET"]}}],"collection":[{"href":"https:\/\/csp-pcs.myeshop.ca\/fr\/wp-json\/wp\/v2\/product"}],"about":[{"href":"https:\/\/csp-pcs.myeshop.ca\/fr\/wp-json\/wp\/v2\/types\/product"}],"wp:featuredmedia":[{"embeddable":true,"href":"https:\/\/csp-pcs.myeshop.ca\/fr\/wp-json\/wp\/v2\/media\/3295"}],"wp:attachment":[{"href":"https:\/\/csp-pcs.myeshop.ca\/fr\/wp-json\/wp\/v2\/media?parent=3373"}],"wp:term":[{"taxonomy":"product_brand","embeddable":true,"href":"https:\/\/csp-pcs.myeshop.ca\/fr\/wp-json\/wp\/v2\/product_brand?post=3373"},{"taxonomy":"product_cat","embeddable":true,"href":"https:\/\/csp-pcs.myeshop.ca\/fr\/wp-json\/wp\/v2\/product_cat?post=3373"},{"taxonomy":"product_tag","embeddable":true,"href":"https:\/\/csp-pcs.myeshop.ca\/fr\/wp-json\/wp\/v2\/product_tag?post=3373"}],"curies":[{"name":"wp","href":"https:\/\/api.w.org\/{rel}","templated":true}]}}