{"id":3371,"date":"2019-11-18T17:04:20","date_gmt":"2019-11-18T22:04:20","guid":{"rendered":"https:\/\/csp-pcs.myeshop.ca\/product\/ball-cap\/"},"modified":"2025-04-02T17:10:47","modified_gmt":"2025-04-02T21:10:47","slug":"casquette-de-baseball","status":"publish","type":"product","link":"https:\/\/csp-pcs.myeshop.ca\/fr\/produit\/casquette-de-baseball\/","title":{"rendered":"Casquette papa classique"},"content":{"rendered":"<ul>\n<li>100% serg\u00e9 chino biolav\u00e9. Non structur\u00e9, six panneaux, profil bas. D\u00e9coration patch brod\u00e9. Fermoir en m\u00e9tal r\u00e9glable au dos. Couleur : Noir<\/li>\n<\/ul>\n","protected":false},"excerpt":{"rendered":"<p>100% serg\u00e9 chino biolav\u00e9. Non structur\u00e9, six panneaux, profil bas. D\u00e9coration patch brod\u00e9. Fermoir en m\u00e9tal r\u00e9glable au dos. Couleur : Noir<\/p>\n","protected":false},"featured_media":3293,"template":"","meta":{"_acf_changed":false},"product_brand":[],"product_cat":[263],"product_tag":[],"class_list":{"0":"post-3371","1":"product","2":"type-product","3":"status-publish","4":"has-post-thumbnail","6":"product_cat-vetements-et-chapeaux","9":"instock","10":"taxable","11":"shipping-taxable","12":"purchasable","13":"product-type-simple"},"acf":[],"_links":{"self":[{"href":"https:\/\/csp-pcs.myeshop.ca\/fr\/wp-json\/wp\/v2\/product\/3371","targetHints":{"allow":["GET"]}}],"collection":[{"href":"https:\/\/csp-pcs.myeshop.ca\/fr\/wp-json\/wp\/v2\/product"}],"about":[{"href":"https:\/\/csp-pcs.myeshop.ca\/fr\/wp-json\/wp\/v2\/types\/product"}],"wp:featuredmedia":[{"embeddable":true,"href":"https:\/\/csp-pcs.myeshop.ca\/fr\/wp-json\/wp\/v2\/media\/3293"}],"wp:attachment":[{"href":"https:\/\/csp-pcs.myeshop.ca\/fr\/wp-json\/wp\/v2\/media?parent=3371"}],"wp:term":[{"taxonomy":"product_brand","embeddable":true,"href":"https:\/\/csp-pcs.myeshop.ca\/fr\/wp-json\/wp\/v2\/product_brand?post=3371"},{"taxonomy":"product_cat","embeddable":true,"href":"https:\/\/csp-pcs.myeshop.ca\/fr\/wp-json\/wp\/v2\/product_cat?post=3371"},{"taxonomy":"product_tag","embeddable":true,"href":"https:\/\/csp-pcs.myeshop.ca\/fr\/wp-json\/wp\/v2\/product_tag?post=3371"}],"curies":[{"name":"wp","href":"https:\/\/api.w.org\/{rel}","templated":true}]}}