{"id":3369,"date":"2022-01-22T21:57:29","date_gmt":"2022-01-23T02:57:29","guid":{"rendered":"https:\/\/csp-pcs.myeshop.ca\/product\/flexfit-solid-back-cap-chapeau-flexfit\/"},"modified":"2024-09-26T15:51:40","modified_gmt":"2024-09-26T15:51:40","slug":"flexfit-solid-back-cap-chapeau-flexfit","status":"publish","type":"product","link":"https:\/\/csp-pcs.myeshop.ca\/fr\/produit\/flexfit-solid-back-cap-chapeau-flexfit\/","title":{"rendered":"Casquette FlexFit Solid Back"},"content":{"rendered":"<ul>\n<li>Casquette structur\u00e9e FlexFit \u00e0 profil moyen et six panneaux avec dos solide. Style # 6277. Patch d\u00e9co brod\u00e9.<\/li>\n<li>Couleur : Noir<\/li>\n<li>Taille :\n<ul>\n<li>S\/M 6 3\/4&Prime;-7 1\/4&Prime;<\/li>\n<li>G\/TG 7 1\/8&Prime;-7 5\/8&Prime;<\/li>\n<li>XL\/XXL 7 3\/8 &#8211; 8&Prime;<\/li>\n<\/ul>\n<\/li>\n<\/ul>\n","protected":false},"excerpt":{"rendered":"<p>Casquette structur\u00e9e FlexFit \u00e0 profil moyen et six panneaux avec dos solide. Style # 6277. Patch d\u00e9co brod\u00e9. Couleur : Noir Taille : S\/M 6 3\/4&Prime;-7 1\/4&Prime; G\/TG 7 1\/8&Prime;-7 5\/8&Prime; XL\/XXL 7 3\/8 &#8211; 8&Prime;<\/p>\n","protected":false},"featured_media":3292,"template":"","meta":{"_acf_changed":false},"product_brand":[],"product_cat":[263],"product_tag":[],"class_list":{"0":"post-3369","1":"product","2":"type-product","3":"status-publish","4":"has-post-thumbnail","6":"product_cat-vetements-et-chapeaux","9":"instock","10":"taxable","11":"shipping-taxable","12":"purchasable","13":"product-type-variable"},"acf":[],"_links":{"self":[{"href":"https:\/\/csp-pcs.myeshop.ca\/fr\/wp-json\/wp\/v2\/product\/3369","targetHints":{"allow":["GET"]}}],"collection":[{"href":"https:\/\/csp-pcs.myeshop.ca\/fr\/wp-json\/wp\/v2\/product"}],"about":[{"href":"https:\/\/csp-pcs.myeshop.ca\/fr\/wp-json\/wp\/v2\/types\/product"}],"wp:featuredmedia":[{"embeddable":true,"href":"https:\/\/csp-pcs.myeshop.ca\/fr\/wp-json\/wp\/v2\/media\/3292"}],"wp:attachment":[{"href":"https:\/\/csp-pcs.myeshop.ca\/fr\/wp-json\/wp\/v2\/media?parent=3369"}],"wp:term":[{"taxonomy":"product_brand","embeddable":true,"href":"https:\/\/csp-pcs.myeshop.ca\/fr\/wp-json\/wp\/v2\/product_brand?post=3369"},{"taxonomy":"product_cat","embeddable":true,"href":"https:\/\/csp-pcs.myeshop.ca\/fr\/wp-json\/wp\/v2\/product_cat?post=3369"},{"taxonomy":"product_tag","embeddable":true,"href":"https:\/\/csp-pcs.myeshop.ca\/fr\/wp-json\/wp\/v2\/product_tag?post=3369"}],"curies":[{"name":"wp","href":"https:\/\/api.w.org\/{rel}","templated":true}]}}