{"id":3367,"date":"2022-01-22T17:52:14","date_gmt":"2022-01-22T22:52:14","guid":{"rendered":"https:\/\/csp-pcs.myeshop.ca\/product\/headgear-neck-tube\/"},"modified":"2025-12-03T18:50:43","modified_gmt":"2025-12-03T23:50:43","slug":"couvre-chef-cou-tube","status":"publish","type":"product","link":"https:\/\/csp-pcs.myeshop.ca\/fr\/produit\/couvre-chef-cou-tube\/","title":{"rendered":"Couvre-chef\/tube de cou"},"content":{"rendered":"<ul>\n<li>Une taille convient \u00e0 la plupart des adultes (10 \u00ab\u00a0L x 20\u00a0\u00bb H). \u00c9lastique, conserve sa forme d&rsquo;origine, unisexe. Sans couture, parfait pour toutes sortes d&rsquo;activit\u00e9s. Protection UV, id\u00e9al comme accessoire de rue. Respirant, \u00e9vacue l&rsquo;humidit\u00e9, s\u00e8che rapidement.<\/li>\n<\/ul>\n","protected":false},"excerpt":{"rendered":"<p>Une taille convient \u00e0 la plupart des adultes (10 \u00ab\u00a0L x 20\u00a0\u00bb H). \u00c9lastique, conserve sa forme d&rsquo;origine, unisexe. Sans couture, parfait pour toutes sortes d&rsquo;activit\u00e9s. Protection UV, id\u00e9al comme accessoire de rue. Respirant, \u00e9vacue l&rsquo;humidit\u00e9, s\u00e8che rapidement.<\/p>\n","protected":false},"featured_media":3280,"template":"","meta":{"_acf_changed":false},"product_brand":[],"product_cat":[263],"product_tag":[],"class_list":{"0":"post-3367","1":"product","2":"type-product","3":"status-publish","4":"has-post-thumbnail","6":"product_cat-vetements-et-chapeaux","9":"instock","10":"taxable","11":"shipping-taxable","12":"purchasable","13":"product-type-simple"},"acf":[],"_links":{"self":[{"href":"https:\/\/csp-pcs.myeshop.ca\/fr\/wp-json\/wp\/v2\/product\/3367","targetHints":{"allow":["GET"]}}],"collection":[{"href":"https:\/\/csp-pcs.myeshop.ca\/fr\/wp-json\/wp\/v2\/product"}],"about":[{"href":"https:\/\/csp-pcs.myeshop.ca\/fr\/wp-json\/wp\/v2\/types\/product"}],"wp:featuredmedia":[{"embeddable":true,"href":"https:\/\/csp-pcs.myeshop.ca\/fr\/wp-json\/wp\/v2\/media\/3280"}],"wp:attachment":[{"href":"https:\/\/csp-pcs.myeshop.ca\/fr\/wp-json\/wp\/v2\/media?parent=3367"}],"wp:term":[{"taxonomy":"product_brand","embeddable":true,"href":"https:\/\/csp-pcs.myeshop.ca\/fr\/wp-json\/wp\/v2\/product_brand?post=3367"},{"taxonomy":"product_cat","embeddable":true,"href":"https:\/\/csp-pcs.myeshop.ca\/fr\/wp-json\/wp\/v2\/product_cat?post=3367"},{"taxonomy":"product_tag","embeddable":true,"href":"https:\/\/csp-pcs.myeshop.ca\/fr\/wp-json\/wp\/v2\/product_tag?post=3367"}],"curies":[{"name":"wp","href":"https:\/\/api.w.org\/{rel}","templated":true}]}}