{"id":4976,"date":"2024-12-03T10:53:39","date_gmt":"2024-12-03T15:53:39","guid":{"rendered":"https:\/\/csp-pcs.myeshop.ca\/commandes-par-zone-par-division-et-en-gros\/"},"modified":"2024-12-16T11:49:17","modified_gmt":"2024-12-16T16:49:17","slug":"commandes-par-zone-par-division-et-en-gros","status":"publish","type":"page","link":"https:\/\/csp-pcs.myeshop.ca\/fr\/commandes-par-zone-par-division-et-en-gros\/","title":{"rendered":"Commandes par zone, par division et en gros"},"content":{"rendered":"<div id=\"pl-4976\"  class=\"panel-layout\" ><div id=\"pg-4976-0\"  class=\"panel-grid panel-no-style\" ><div id=\"pgc-4976-0-0\"  class=\"panel-grid-cell\" ><div id=\"panel-4976-0-0-0\" class=\"so-panel widget widget_black-studio-tinymce widget_black_studio_tinymce panel-first-child panel-last-child\" data-index=\"0\" ><h3 class=\"widget-title\">Zone, Division &#038; Bulk Orders<\/h3><div class=\"textwidget\"><p>Est-ce que votre patrouille, votre zone ou votre division a besoin de sa propre \"marchandise de patrouille\" ou d'uniformes pour des \u00e9v\u00e9nements non li\u00e9s au ski (v\u00eatements, couvre-chefs, articles de boisson, articles de reconnaissance ou de renforcement de l'esprit d'\u00e9quipe) ?<\/p>\n<p>Nous travaillons d\u00e9j\u00e0 avec de nombreuses <strong>zones et divisions<\/strong> et nous avons h\u00e2te de vous aider \u00e0 r\u00e9pondre \u00e0 vos besoins uniques en mati\u00e8re de marchandise.<\/p>\n<p>Pour les commandes en vrac, communiquez avec Jodie Marc Lalonde \u00e0 <a href=\"mailto:JML@portagepromo.ca\" style=\"text-decoration: underline;\">Portage Promo<\/a>.<\/p>\n<p>Certaines quantit\u00e9s minimales s'appliquent.<\/p>\n<p>\u00c9quipe de Portage<\/p>\n<\/div><\/div><\/div><\/div><\/div>","protected":false},"excerpt":{"rendered":"<p>Est-ce que votre patrouille, votre zone ou votre division a besoin de sa propre \u00ab\u00a0marchandise de patrouille\u00a0\u00bb ou d&rsquo;uniformes pour des \u00e9v\u00e9nements non li\u00e9s au ski (v\u00eatements, couvre-chefs, articles de boisson, articles de reconnaissance ou de renforcement de l&rsquo;esprit d&rsquo;\u00e9quipe) ? Nous travaillons d\u00e9j\u00e0 avec de nombreuses zones et divisions et nous avons h\u00e2te de &hellip; <\/p>\n<p class=\"link-more\"><a href=\"https:\/\/csp-pcs.myeshop.ca\/fr\/commandes-par-zone-par-division-et-en-gros\/\" class=\"more-link btn btn-xs btn-gray \">Read More <i class=\"fa fa-long-arrow-right right\" aria-hidden=\"true\"><\/i><\/a><\/p>\n","protected":false},"author":1,"featured_media":0,"parent":0,"menu_order":0,"comment_status":"closed","ping_status":"closed","template":"","meta":{"_acf_changed":false,"footnotes":""},"class_list":["post-4976","page","type-page","status-publish","hentry"],"acf":[],"_links":{"self":[{"href":"https:\/\/csp-pcs.myeshop.ca\/fr\/wp-json\/wp\/v2\/pages\/4976","targetHints":{"allow":["GET"]}}],"collection":[{"href":"https:\/\/csp-pcs.myeshop.ca\/fr\/wp-json\/wp\/v2\/pages"}],"about":[{"href":"https:\/\/csp-pcs.myeshop.ca\/fr\/wp-json\/wp\/v2\/types\/page"}],"author":[{"embeddable":true,"href":"https:\/\/csp-pcs.myeshop.ca\/fr\/wp-json\/wp\/v2\/users\/1"}],"replies":[{"embeddable":true,"href":"https:\/\/csp-pcs.myeshop.ca\/fr\/wp-json\/wp\/v2\/comments?post=4976"}],"version-history":[{"count":10,"href":"https:\/\/csp-pcs.myeshop.ca\/fr\/wp-json\/wp\/v2\/pages\/4976\/revisions"}],"predecessor-version":[{"id":5025,"href":"https:\/\/csp-pcs.myeshop.ca\/fr\/wp-json\/wp\/v2\/pages\/4976\/revisions\/5025"}],"wp:attachment":[{"href":"https:\/\/csp-pcs.myeshop.ca\/fr\/wp-json\/wp\/v2\/media?parent=4976"}],"curies":[{"name":"wp","href":"https:\/\/api.w.org\/{rel}","templated":true}]}}