{"id":3314,"date":"2022-02-08T15:24:55","date_gmt":"2022-02-08T15:24:55","guid":{"rendered":"https:\/\/csp-pcs.myeshop.ca\/policies\/"},"modified":"2022-03-14T14:56:20","modified_gmt":"2022-03-14T14:56:20","slug":"modalites-importantes","status":"publish","type":"page","link":"https:\/\/csp-pcs.myeshop.ca\/fr\/modalites-importantes\/","title":{"rendered":"termes et conditions"},"content":{"rendered":"<div id=\"pl-3314\"  class=\"panel-layout\" ><div id=\"pg-3314-0\"  class=\"panel-grid panel-no-style\" ><div id=\"pgc-3314-0-0\"  class=\"panel-grid-cell\" ><div id=\"panel-3314-0-0-0\" class=\"so-panel widget widget_media_image panel-first-child\" data-index=\"0\" ><div class=\"panel-widget-style panel-widget-style-for-3314-0-0-0\" ><img loading=\"lazy\" decoding=\"async\" width=\"825\" height=\"239\" src=\"https:\/\/csp-pcs.myeshop.ca\/wp-content\/uploads\/sites\/51\/2022\/01\/CSP-Logo-Header2-1.jpg\" class=\"image wp-image-2869  attachment-full size-full\" alt=\"\" style=\"max-width: 100%; height: auto;\" srcset=\"https:\/\/csp-pcs.myeshop.ca\/wp-content\/uploads\/sites\/51\/2022\/01\/CSP-Logo-Header2-1.jpg 825w, https:\/\/csp-pcs.myeshop.ca\/wp-content\/uploads\/sites\/51\/2022\/01\/CSP-Logo-Header2-1-300x87.jpg 300w, https:\/\/csp-pcs.myeshop.ca\/wp-content\/uploads\/sites\/51\/2022\/01\/CSP-Logo-Header2-1-768x222.jpg 768w, https:\/\/csp-pcs.myeshop.ca\/wp-content\/uploads\/sites\/51\/2022\/01\/CSP-Logo-Header2-1-600x174.jpg 600w\" sizes=\"auto, 100vw\" \/><\/div><\/div><div id=\"panel-3314-0-0-1\" class=\"so-panel widget widget_black-studio-tinymce widget_black_studio_tinymce\" data-index=\"1\" ><div class=\"common-content panel-widget-style panel-widget-style-for-3314-0-0-1\" ><div class=\"textwidget\"><div class=\"policies-main\">\n<div>\n<h2>Canadian Ski Patrol \u2013 eShop Important Information.<\/h2>\n<p><span style=\"font-size: 1rem;\">Portage Promo est un partenaire de marque national officiel de la Patrouille canadienne de ski et verse un pourcentage de chaque vente au CSP. Tous les logos et variations ont \u00e9t\u00e9 approuv\u00e9s par le bureau national. Toute demande doit \u00eatre adress\u00e9e directement \u00e0 <\/span><a style=\"font-size: 1rem;\" href=\"mailto:JML@portagepromo.ca\">Portage Promo<\/a><span style=\"font-size: 1rem;\">. Veuillez ne pas contacter le bureau national au sujet de la boutique en ligne.<\/span><\/p>\n<p>Pour l'instant, nous commen\u00e7ons avec des articles que nous pouvons facilement stocker afin de pouvoir vous les exp\u00e9dier imm\u00e9diatement. Avec votre aide et votre soutien, l'eShop va \u00e9voluer. N'h\u00e9sitez pas \u00e0 nous faire part de vos suggestions de produits.<\/p>\n<p>L'eShop n'est pas un site \"uniforme\". Si votre patrouille, zone ou division souhaite passer une commande group\u00e9e, veuillez nous contacter directement <a href=\"mailto:JML@portagepromo.ca\">Portage Promo<\/a> . Nous ferons tout notre possible pour vous aider. Certaines quantit\u00e9s minimales peuvent s'appliquer selon l'article et la m\u00e9thode de d\u00e9coration.<\/p>\n<p>Si vous rencontrez un probl\u00e8me avec un article de l'eShop, veuillez nous contacter imm\u00e9diatement. <strong>Nous ne pouvons r\u00e9parer que ce que nous savons.<\/strong> <strong>Vos commentaires nous sont mieux adress\u00e9s afin que nous puissions y r\u00e9pondre rapidement.<\/strong><\/p>\n<p><strong>Commande\u00a0:\u00a0<\/strong>Lorsque vous passez une commande, vous recevez un e-mail de confirmation (veuillez v\u00e9rifier vos courriers ind\u00e9sirables au cas o\u00f9) avec un num\u00e9ro de commande et des d\u00e9tails. Le site utilise Stripe comme portail de paiement. Votre relev\u00e9 de carte de cr\u00e9dit indiquera une transaction de Portage Promotionals.<\/p>\n<p><strong>Exp\u00e9dition\u00a0:\u00a0<\/strong>l'eShop utilise le plug-in d'exp\u00e9dition de Postes Canada et les tarifs sont calcul\u00e9s automatiquement. Nous savons tous que les prix d'exp\u00e9dition ont augment\u00e9 et nous vous encourageons \u00e0 grouper vos commandes, si vous le pouvez, pour r\u00e9duire les frais. Lorsque la commande sera exp\u00e9di\u00e9e, vous recevrez un autre courriel indiquant que votre commande a \u00e9t\u00e9 compl\u00e9t\u00e9e et qu'un num\u00e9ro de suivi de Postes Canada sera inclus.<\/p>\n<p><strong>Retours\u00a0:\u00a0<\/strong>Tous les produits du site ont une description et, le cas \u00e9ch\u00e9ant, un tableau des tailles pour vous aider \u00e0 faire votre choix. Si, pour une raison quelconque, une mauvaise taille a \u00e9t\u00e9 command\u00e9e, renvoyez-nous simplement l'article dans les 10 jours et nous vous enverrons une nouvelle taille. Si les articles ne fonctionnent tout simplement pas pour vous, nous nous ferons un plaisir de vous rembourser votre achat.<\/p>\n<p>Si vous n'\u00eates pas satisfait des produits que vous recevez de notre part, veuillez nous en informer et nous r\u00e9glerons le probl\u00e8me. Tous les produits sont garantis contre les d\u00e9fauts de fabrication.<\/p>\n<p>Amusons-nous avec cet eShop et diffusons ce logo CSP dans le monde.<\/p>\n<p>Sinc\u00e8rement,<\/p>\n<p>Portage Promo\n<\/p><\/div>\n<\/div>\n<\/div><\/div><\/div><div id=\"panel-3314-0-0-2\" class=\"widget_text so-panel widget widget_custom_html panel-last-child\" data-index=\"2\" ><div class=\"widget_text panel-widget-style panel-widget-style-for-3314-0-0-2\" ><div class=\"textwidget custom-html-widget\"><a href=\"https:\/\/csp-pcs.myeshop.ca#panel-699-2-0-2\" class=\"btn btn-primary bg-black px-5 py-3\">Produits de la boutique<\/a><\/div><\/div><\/div><\/div><\/div><\/div>","protected":false},"excerpt":{"rendered":"<p>Canadian Ski Patrol \u2013 eShop Important Information. Portage Promo est un partenaire de marque national officiel de la Patrouille canadienne de ski et verse un pourcentage de chaque vente au CSP. Tous les logos et variations ont \u00e9t\u00e9 approuv\u00e9s par le bureau national. Toute demande doit \u00eatre adress\u00e9e directement \u00e0 Portage Promo. Veuillez ne pas &hellip; <\/p>\n<p class=\"link-more\"><a href=\"https:\/\/csp-pcs.myeshop.ca\/fr\/modalites-importantes\/\" class=\"more-link btn btn-xs btn-gray \">Read More <i class=\"fa fa-long-arrow-right right\" aria-hidden=\"true\"><\/i><\/a><\/p>\n","protected":false},"author":1,"featured_media":0,"parent":0,"menu_order":0,"comment_status":"closed","ping_status":"closed","template":"","meta":{"_acf_changed":false,"footnotes":""},"class_list":["post-3314","page","type-page","status-publish","hentry"],"acf":[],"_links":{"self":[{"href":"https:\/\/csp-pcs.myeshop.ca\/fr\/wp-json\/wp\/v2\/pages\/3314","targetHints":{"allow":["GET"]}}],"collection":[{"href":"https:\/\/csp-pcs.myeshop.ca\/fr\/wp-json\/wp\/v2\/pages"}],"about":[{"href":"https:\/\/csp-pcs.myeshop.ca\/fr\/wp-json\/wp\/v2\/types\/page"}],"author":[{"embeddable":true,"href":"https:\/\/csp-pcs.myeshop.ca\/fr\/wp-json\/wp\/v2\/users\/1"}],"replies":[{"embeddable":true,"href":"https:\/\/csp-pcs.myeshop.ca\/fr\/wp-json\/wp\/v2\/comments?post=3314"}],"version-history":[{"count":16,"href":"https:\/\/csp-pcs.myeshop.ca\/fr\/wp-json\/wp\/v2\/pages\/3314\/revisions"}],"predecessor-version":[{"id":3631,"href":"https:\/\/csp-pcs.myeshop.ca\/fr\/wp-json\/wp\/v2\/pages\/3314\/revisions\/3631"}],"wp:attachment":[{"href":"https:\/\/csp-pcs.myeshop.ca\/fr\/wp-json\/wp\/v2\/media?parent=3314"}],"curies":[{"name":"wp","href":"https:\/\/api.w.org\/{rel}","templated":true}]}}